{"id":2627,"date":"2025-08-20T19:36:45","date_gmt":"2025-08-20T19:36:45","guid":{"rendered":"https:\/\/www.bellfarma.cl\/?page_id=2627"},"modified":"2025-08-20T19:59:01","modified_gmt":"2025-08-20T19:59:01","slug":"sucursales","status":"publish","type":"page","link":"https:\/\/www.bellfarma.cl\/index.php\/sucursales\/","title":{"rendered":"Sucursales"},"content":{"rendered":"\t\t<div data-elementor-type=\"wp-page\" data-elementor-id=\"2627\" class=\"elementor elementor-2627\">\n\t\t\t\t\t\t<section class=\"elementor-section elementor-top-section elementor-element elementor-element-beead5c elementor-section-boxed elementor-section-height-default elementor-section-height-default\" data-id=\"beead5c\" data-element_type=\"section\">\n\t\t\t\t\t\t<div class=\"elementor-container elementor-column-gap-default\">\n\t\t\t\t\t<div class=\"elementor-column elementor-col-33 elementor-top-column elementor-element elementor-element-b971924\" data-id=\"b971924\" data-element_type=\"column\">\n\t\t\t<div class=\"elementor-widget-wrap\">\n\t\t\t\t\t\t\t<\/div>\n\t\t<\/div>\n\t\t\t\t<div class=\"elementor-column elementor-col-33 elementor-top-column elementor-element elementor-element-bfcee37\" data-id=\"bfcee37\" data-element_type=\"column\">\n\t\t\t<div class=\"elementor-widget-wrap elementor-element-populated\">\n\t\t\t\t\t\t<div class=\"elementor-element elementor-element-ce9accc elementor-widget elementor-widget-heading\" data-id=\"ce9accc\" data-element_type=\"widget\" data-widget_type=\"heading.default\">\n\t\t\t\t\t<h2 class=\"elementor-heading-title elementor-size-default\">Farmacias Bellfarma \/ Sucursales<\/h2>\t\t\t\t<\/div>\n\t\t\t\t<div class=\"elementor-element elementor-element-0077f5d elementor-widget elementor-widget-text-editor\" data-id=\"0077f5d\" data-element_type=\"widget\" data-widget_type=\"text-editor.default\">\n\t\t\t\t\t\t\t\t\tNos esforzamos por mantener el esp\u00edritu de farmacia de barrio, combinando profesionalismo con cercan\u00eda, y expandiendo nuestra presencia sin perder de vista lo m\u00e1s importante: el servicio humano, accesible y transparente.\t\t\t\t\t\t\t\t<\/div>\n\t\t\t\t\t<\/div>\n\t\t<\/div>\n\t\t\t\t<div class=\"elementor-column elementor-col-33 elementor-top-column elementor-element elementor-element-777dd6e\" data-id=\"777dd6e\" data-element_type=\"column\">\n\t\t\t<div class=\"elementor-widget-wrap\">\n\t\t\t\t\t\t\t<\/div>\n\t\t<\/div>\n\t\t\t\t\t<\/div>\n\t\t<\/section>\n\t\t<div class=\"elementor-element elementor-element-99f9e52 e-flex e-con-boxed e-con e-parent\" data-id=\"99f9e52\" data-element_type=\"container\">\n\t\t\t\t\t<div class=\"e-con-inner\">\n\t\t\t\t<div class=\"elementor-element elementor-element-62f71e6 elementor-widget elementor-widget-spacer\" data-id=\"62f71e6\" data-element_type=\"widget\" data-widget_type=\"spacer.default\">\n\t\t\t\t\t\t\t<div class=\"elementor-spacer\">\n\t\t\t<div class=\"elementor-spacer-inner\"><\/div>\n\t\t<\/div>\n\t\t\t\t\t\t<\/div>\n\t\t\t\t\t<\/div>\n\t\t\t\t<\/div>\n\t\t<div class=\"elementor-element elementor-element-0ec2cbf e-flex e-con-boxed e-con e-parent\" data-id=\"0ec2cbf\" data-element_type=\"container\">\n\t\t\t\t\t<div class=\"e-con-inner\">\n\t\t<div class=\"elementor-element elementor-element-14f7d5a e-con-full e-flex e-con e-child\" data-id=\"14f7d5a\" data-element_type=\"container\">\n\t\t\t\t<div class=\"elementor-element elementor-element-71e5c7f elementor-widget elementor-widget-text-editor\" data-id=\"71e5c7f\" data-element_type=\"widget\" data-widget_type=\"text-editor.default\">\n\t\t\t\t\t\t\t\t\t<p><strong>Local 1:<\/strong> Avenida Maipu 1121 Interior Supermercado Acuenta, San Felipe. <br \/><strong>Fono:<\/strong> 342505835. <br \/><strong>E-mail:<\/strong> farmacia@bellfarma.cl<br \/><strong>Horario de atenci\u00f3n:<\/strong> Lunes a Domingo: 09:00 a 20:30 Hrs.<\/p>\t\t\t\t\t\t\t\t<\/div>\n\t\t\t\t<\/div>\n\t\t<div class=\"elementor-element elementor-element-4f44722 e-con-full e-flex e-con e-child\" data-id=\"4f44722\" data-element_type=\"container\">\n\t\t\t\t<div class=\"elementor-element elementor-element-2824d37 elementor-widget elementor-widget-google_maps\" data-id=\"2824d37\" data-element_type=\"widget\" data-widget_type=\"google_maps.default\">\n\t\t\t\t\t\t\t<div class=\"elementor-custom-embed\">\n\t\t\t<iframe loading=\"lazy\"\n\t\t\t\t\tsrc=\"https:\/\/maps.google.com\/maps?q=Maip%C3%BA%201121%2CSan%20Felipe&#038;t=m&#038;z=17&#038;output=embed&#038;iwloc=near\"\n\t\t\t\t\ttitle=\"Maip\u00fa 1121,San Felipe\"\n\t\t\t\t\taria-label=\"Maip\u00fa 1121,San Felipe\"\n\t\t\t><\/iframe>\n\t\t<\/div>\n\t\t\t\t\t\t<\/div>\n\t\t\t\t<\/div>\n\t\t\t\t\t<\/div>\n\t\t\t\t<\/div>\n\t\t<div class=\"elementor-element elementor-element-3bf9de1 e-flex e-con-boxed e-con e-parent\" data-id=\"3bf9de1\" data-element_type=\"container\">\n\t\t\t\t\t<div class=\"e-con-inner\">\n\t\t<div class=\"elementor-element elementor-element-c9fa143 e-con-full e-flex e-con e-child\" data-id=\"c9fa143\" data-element_type=\"container\">\n\t\t\t\t<div class=\"elementor-element elementor-element-0b6a1df elementor-widget elementor-widget-text-editor\" data-id=\"0b6a1df\" data-element_type=\"widget\" data-widget_type=\"text-editor.default\">\n\t\t\t\t\t\t\t\t\t<p><strong>Local 2:<\/strong> Huanhuali 1331, Interior Supermercado Acuenta, Villa Alemana. <br \/><strong>Fono: <\/strong>322548654, <br \/><strong>e-mail: <\/strong>farmacia@bellfarma.cl<br \/><strong>Horario de atenci\u00f3n:<\/strong> Lunes a Domingo: 09:00 a 20:30 Hrs.<\/p>\t\t\t\t\t\t\t\t<\/div>\n\t\t\t\t<\/div>\n\t\t<div class=\"elementor-element elementor-element-8cf6a69 e-con-full e-flex e-con e-child\" data-id=\"8cf6a69\" data-element_type=\"container\">\n\t\t\t\t<div class=\"elementor-element elementor-element-b975ac7 elementor-widget elementor-widget-google_maps\" data-id=\"b975ac7\" data-element_type=\"widget\" data-widget_type=\"google_maps.default\">\n\t\t\t\t\t\t\t<div class=\"elementor-custom-embed\">\n\t\t\t<iframe loading=\"lazy\"\n\t\t\t\t\tsrc=\"https:\/\/maps.google.com\/maps?q=Pje.%20Huanhuali%201496%2C%202460280%20Villa%20Alemana%2C%20Valpara%C3%ADso&#038;t=m&#038;z=17&#038;output=embed&#038;iwloc=near\"\n\t\t\t\t\ttitle=\"Pje. Huanhuali 1496, 2460280 Villa Alemana, Valpara\u00edso\"\n\t\t\t\t\taria-label=\"Pje. Huanhuali 1496, 2460280 Villa Alemana, Valpara\u00edso\"\n\t\t\t><\/iframe>\n\t\t<\/div>\n\t\t\t\t\t\t<\/div>\n\t\t\t\t<\/div>\n\t\t\t\t\t<\/div>\n\t\t\t\t<\/div>\n\t\t<div class=\"elementor-element elementor-element-d83c89f e-flex e-con-boxed e-con e-parent\" data-id=\"d83c89f\" data-element_type=\"container\">\n\t\t\t\t\t<div class=\"e-con-inner\">\n\t\t<div class=\"elementor-element elementor-element-94e3b19 e-con-full e-flex e-con e-child\" data-id=\"94e3b19\" data-element_type=\"container\">\n\t\t\t\t<div class=\"elementor-element elementor-element-4c7d200 elementor-widget elementor-widget-text-editor\" data-id=\"4c7d200\" data-element_type=\"widget\" data-widget_type=\"text-editor.default\">\n\t\t\t\t\t\t\t\t\t<p><strong>Local 3: <\/strong>Combate de las Coimas 1121, San Felipe. <br \/><strong>Fono:<\/strong> 443000824. <br \/><strong>E-mail:<\/strong> farmacia@bellfarma.cl<br \/><strong>Horario de atenci\u00f3n:<\/strong> Lunes a Viernes:09:00 a 20:00 Hrs<br \/>S\u00e1bado: 09:00 a 19:00 Hrs.<\/p>\t\t\t\t\t\t\t\t<\/div>\n\t\t\t\t<\/div>\n\t\t<div class=\"elementor-element elementor-element-73ca1d5 e-con-full e-flex e-con e-child\" data-id=\"73ca1d5\" data-element_type=\"container\">\n\t\t\t\t<div class=\"elementor-element elementor-element-ee471ba elementor-widget elementor-widget-google_maps\" data-id=\"ee471ba\" data-element_type=\"widget\" data-widget_type=\"google_maps.default\">\n\t\t\t\t\t\t\t<div class=\"elementor-custom-embed\">\n\t\t\t<iframe loading=\"lazy\"\n\t\t\t\t\tsrc=\"https:\/\/maps.google.com\/maps?q=Combate%20de%20las%20Coimas%201121%2C%20San%20Felipe&#038;t=m&#038;z=17&#038;output=embed&#038;iwloc=near\"\n\t\t\t\t\ttitle=\"Combate de las Coimas 1121, San Felipe\"\n\t\t\t\t\taria-label=\"Combate de las Coimas 1121, San Felipe\"\n\t\t\t><\/iframe>\n\t\t<\/div>\n\t\t\t\t\t\t<\/div>\n\t\t\t\t<\/div>\n\t\t\t\t\t<\/div>\n\t\t\t\t<\/div>\n\t\t<div class=\"elementor-element elementor-element-75a91e7 e-flex e-con-boxed e-con e-parent\" data-id=\"75a91e7\" data-element_type=\"container\">\n\t\t\t\t\t<div class=\"e-con-inner\">\n\t\t<div class=\"elementor-element elementor-element-bc1d91d e-con-full e-flex e-con e-child\" data-id=\"bc1d91d\" data-element_type=\"container\">\n\t\t\t\t<div class=\"elementor-element elementor-element-81ea0e9 elementor-widget elementor-widget-text-editor\" data-id=\"81ea0e9\" data-element_type=\"widget\" data-widget_type=\"text-editor.default\">\n\t\t\t\t\t\t\t\t\t<p><strong>Local 4:<\/strong> Traslavi\u00f1a 1181, local 4, San Felipe. <br \/><strong>Fono:<\/strong> 442881297. <br \/><strong>E-mail:<\/strong> <a href=\"mailto:farmacia@bellfarma.cl\">farmacia@bellfarma.cl<\/a><br \/><strong>Horario de atenci\u00f3n:<\/strong> Lunes a Viernes:09:00 a 19:30 Hrs<br \/>S\u00e1bado: 09:00 a 16:00 Hrs.<\/p>\t\t\t\t\t\t\t\t<\/div>\n\t\t\t\t<\/div>\n\t\t<div class=\"elementor-element elementor-element-86cc697 e-con-full e-flex e-con e-child\" data-id=\"86cc697\" data-element_type=\"container\">\n\t\t\t\t<div class=\"elementor-element elementor-element-a15bb14 elementor-widget elementor-widget-google_maps\" data-id=\"a15bb14\" data-element_type=\"widget\" data-widget_type=\"google_maps.default\">\n\t\t\t\t\t\t\t<div class=\"elementor-custom-embed\">\n\t\t\t<iframe loading=\"lazy\"\n\t\t\t\t\tsrc=\"https:\/\/maps.google.com\/maps?q=Traslavi%C3%B1a%201181%2C%20San%20Felipe&#038;t=m&#038;z=18&#038;output=embed&#038;iwloc=near\"\n\t\t\t\t\ttitle=\"Traslavi\u00f1a 1181, San Felipe\"\n\t\t\t\t\taria-label=\"Traslavi\u00f1a 1181, San Felipe\"\n\t\t\t><\/iframe>\n\t\t<\/div>\n\t\t\t\t\t\t<\/div>\n\t\t\t\t<\/div>\n\t\t\t\t\t<\/div>\n\t\t\t\t<\/div>\n\t\t\t\t<section class=\"elementor-section elementor-top-section elementor-element elementor-element-e7b39d8 elementor-section-boxed elementor-section-height-default elementor-section-height-default\" data-id=\"e7b39d8\" data-element_type=\"section\">\n\t\t\t\t\t\t<div class=\"elementor-container elementor-column-gap-default\">\n\t\t\t\t\t<div class=\"elementor-column elementor-col-100 elementor-top-column elementor-element elementor-element-d11ebc6\" data-id=\"d11ebc6\" data-element_type=\"column\">\n\t\t\t<div class=\"elementor-widget-wrap elementor-element-populated\">\n\t\t\t\t\t\t<div class=\"elementor-element elementor-element-36dfb06 elementor-widget elementor-widget-image\" data-id=\"36dfb06\" data-element_type=\"widget\" data-widget_type=\"image.default\">\n\t\t\t\t\t\t\t\t\t\t\t\t\t\t\t<img fetchpriority=\"high\" decoding=\"async\" width=\"1200\" height=\"400\" src=\"https:\/\/www.bellfarma.cl\/wp-content\/uploads\/2025\/08\/banner-bellfarma.jpg\" class=\"attachment-full size-full wp-image-2567\" alt=\"\" \/>\t\t\t\t\t\t\t\t\t\t\t\t\t\t\t<\/div>\n\t\t\t\t\t<\/div>\n\t\t<\/div>\n\t\t\t\t\t<\/div>\n\t\t<\/section>\n\t\t\t\t<section class=\"elementor-section elementor-top-section elementor-element elementor-element-d87df03 elementor-section-boxed elementor-section-height-default elementor-section-height-default\" data-id=\"d87df03\" data-element_type=\"section\">\n\t\t\t\t\t\t<div class=\"elementor-container elementor-column-gap-default\">\n\t\t\t\t\t<div class=\"elementor-column elementor-col-100 elementor-top-column elementor-element elementor-element-707750b\" data-id=\"707750b\" data-element_type=\"column\">\n\t\t\t<div class=\"elementor-widget-wrap elementor-element-populated\">\n\t\t\t\t\t\t<div class=\"elementor-element elementor-element-dafa76e elementor-widget elementor-widget-heading\" data-id=\"dafa76e\" data-element_type=\"widget\" data-widget_type=\"heading.default\">\n\t\t\t\t\t<h2 class=\"elementor-heading-title elementor-size-default\">\u00bfTienes consultas o dudas sobre nuestros productos ?\n<\/h2>\t\t\t\t<\/div>\n\t\t\t\t<div class=\"elementor-element elementor-element-337975b underline elementor-widget elementor-widget-heading\" data-id=\"337975b\" data-element_type=\"widget\" data-widget_type=\"heading.default\">\n\t\t\t\t\t<h2 class=\"elementor-heading-title elementor-size-default\"><a href=\"#\">Escr\u00edbenos aqui ...<\/a><\/h2>\t\t\t\t<\/div>\n\t\t\t\t\t<\/div>\n\t\t<\/div>\n\t\t\t\t\t<\/div>\n\t\t<\/section>\n\t\t<div class=\"elementor-element elementor-element-2a96587 e-flex e-con-boxed e-con e-parent\" data-id=\"2a96587\" data-element_type=\"container\">\n\t\t\t\t\t<div class=\"e-con-inner\">\n\t\t\t\t\t<\/div>\n\t\t\t\t<\/div>\n\t\t\t\t<\/div>\n\t\t","protected":false},"excerpt":{"rendered":"<p>Farmacias Bellfarma \/ Sucursales Nos esforzamos por mantener el esp\u00edritu de farmacia de barrio, combinando profesionalismo con cercan\u00eda, y expandiendo nuestra presencia sin perder de vista lo m\u00e1s importante: el servicio humano, accesible y transparente. Local 1: Avenida Maipu 1121 Interior Supermercado Acuenta, San Felipe. Fono: 342505835. E-mail: farmacia@bellfarma.clHorario de atenci\u00f3n: Lunes a Domingo: 09:00 &hellip; <a href=\"https:\/\/www.bellfarma.cl\/index.php\/sucursales\/\" class=\"more-link\">Continue reading <span class=\"screen-reader-text\">Sucursales<\/span><\/a><\/p>\n","protected":false},"author":1,"featured_media":0,"parent":0,"menu_order":0,"comment_status":"closed","ping_status":"closed","template":"","meta":{"footnotes":""},"class_list":["post-2627","page","type-page","status-publish","hentry"],"_links":{"self":[{"href":"https:\/\/www.bellfarma.cl\/index.php\/wp-json\/wp\/v2\/pages\/2627","targetHints":{"allow":["GET"]}}],"collection":[{"href":"https:\/\/www.bellfarma.cl\/index.php\/wp-json\/wp\/v2\/pages"}],"about":[{"href":"https:\/\/www.bellfarma.cl\/index.php\/wp-json\/wp\/v2\/types\/page"}],"author":[{"embeddable":true,"href":"https:\/\/www.bellfarma.cl\/index.php\/wp-json\/wp\/v2\/users\/1"}],"replies":[{"embeddable":true,"href":"https:\/\/www.bellfarma.cl\/index.php\/wp-json\/wp\/v2\/comments?post=2627"}],"version-history":[{"count":25,"href":"https:\/\/www.bellfarma.cl\/index.php\/wp-json\/wp\/v2\/pages\/2627\/revisions"}],"predecessor-version":[{"id":2653,"href":"https:\/\/www.bellfarma.cl\/index.php\/wp-json\/wp\/v2\/pages\/2627\/revisions\/2653"}],"wp:attachment":[{"href":"https:\/\/www.bellfarma.cl\/index.php\/wp-json\/wp\/v2\/media?parent=2627"}],"curies":[{"name":"wp","href":"https:\/\/api.w.org\/{rel}","templated":true}]}}