{"id":2608,"date":"2025-08-19T16:21:40","date_gmt":"2025-08-19T16:21:40","guid":{"rendered":"https:\/\/www.bellfarma.cl\/?page_id=2608"},"modified":"2025-08-19T17:04:45","modified_gmt":"2025-08-19T17:04:45","slug":"nuestra-mision","status":"publish","type":"page","link":"https:\/\/www.bellfarma.cl\/index.php\/nuestra-mision\/","title":{"rendered":"Nuestra Misi\u00f3n"},"content":{"rendered":"\t\t<div data-elementor-type=\"wp-page\" data-elementor-id=\"2608\" class=\"elementor elementor-2608\">\n\t\t\t\t\t\t<section class=\"elementor-section elementor-top-section elementor-element elementor-element-beead5c elementor-section-boxed elementor-section-height-default elementor-section-height-default\" data-id=\"beead5c\" data-element_type=\"section\">\n\t\t\t\t\t\t<div class=\"elementor-container elementor-column-gap-default\">\n\t\t\t\t\t<div class=\"elementor-column elementor-col-33 elementor-top-column elementor-element elementor-element-b971924\" data-id=\"b971924\" data-element_type=\"column\">\n\t\t\t<div class=\"elementor-widget-wrap\">\n\t\t\t\t\t\t\t<\/div>\n\t\t<\/div>\n\t\t\t\t<div class=\"elementor-column elementor-col-33 elementor-top-column elementor-element elementor-element-bfcee37\" data-id=\"bfcee37\" data-element_type=\"column\">\n\t\t\t<div class=\"elementor-widget-wrap elementor-element-populated\">\n\t\t\t\t\t\t<div class=\"elementor-element elementor-element-ce9accc elementor-widget elementor-widget-heading\" data-id=\"ce9accc\" data-element_type=\"widget\" data-widget_type=\"heading.default\">\n\t\t\t\t\t<h2 class=\"elementor-heading-title elementor-size-default\">Farmacias Bellfarma \/ Muestra Misi\u00f3n<\/h2>\t\t\t\t<\/div>\n\t\t\t\t<div class=\"elementor-element elementor-element-0077f5d elementor-widget elementor-widget-text-editor\" data-id=\"0077f5d\" data-element_type=\"widget\" data-widget_type=\"text-editor.default\">\n\t\t\t\t\t\t\t\t\t<p>En <strong>Farmacias Bellfarma<\/strong>, nuestra misi\u00f3n es brindar acceso cercano y confiable a productos farmac\u00e9uticos, naturales y de cuidado personal, con precios justos y atenci\u00f3n personalizada.<\/p>\t\t\t\t\t\t\t\t<\/div>\n\t\t\t\t\t<\/div>\n\t\t<\/div>\n\t\t\t\t<div class=\"elementor-column elementor-col-33 elementor-top-column elementor-element elementor-element-777dd6e\" data-id=\"777dd6e\" data-element_type=\"column\">\n\t\t\t<div class=\"elementor-widget-wrap\">\n\t\t\t\t\t\t\t<\/div>\n\t\t<\/div>\n\t\t\t\t\t<\/div>\n\t\t<\/section>\n\t\t<div class=\"elementor-element elementor-element-99f9e52 e-flex e-con-boxed e-con e-parent\" data-id=\"99f9e52\" data-element_type=\"container\">\n\t\t\t\t\t<div class=\"e-con-inner\">\n\t\t\t\t<div class=\"elementor-element elementor-element-62f71e6 elementor-widget elementor-widget-spacer\" data-id=\"62f71e6\" data-element_type=\"widget\" data-widget_type=\"spacer.default\">\n\t\t\t\t\t\t\t<div class=\"elementor-spacer\">\n\t\t\t<div class=\"elementor-spacer-inner\"><\/div>\n\t\t<\/div>\n\t\t\t\t\t\t<\/div>\n\t\t\t\t\t<\/div>\n\t\t\t\t<\/div>\n\t\t<div class=\"elementor-element elementor-element-0ec2cbf e-flex e-con-boxed e-con e-parent\" data-id=\"0ec2cbf\" data-element_type=\"container\">\n\t\t\t\t\t<div class=\"e-con-inner\">\n\t\t<div class=\"elementor-element elementor-element-14f7d5a e-con-full e-flex e-con e-child\" data-id=\"14f7d5a\" data-element_type=\"container\">\n\t\t\t\t<div class=\"elementor-element elementor-element-71e5c7f elementor-widget elementor-widget-text-editor\" data-id=\"71e5c7f\" data-element_type=\"widget\" data-widget_type=\"text-editor.default\">\n\t\t\t\t\t\t\t\t\t<p><strong>2013: El primer paso en San Felipe<br \/><\/strong><br \/>En el a\u00f1o 2013 abrimos nuestro primer <strong>local en San Felipe, ubicado en avenida Maipu 1121<\/strong>, interior del supermercado Acuenta de la ciudad, con una visi\u00f3n clara: ofrecer <strong>medicamentos, productos naturales, art\u00edculos de perfumer\u00eda y otros insumos esenciales a precios convenientes<\/strong>. Desde el primer d\u00eda, nos propusimos escuchar a nuestros clientes, orientar con cercan\u00eda y brindar un servicio que combinara profesionalismo con calidez.<\/p>\t\t\t\t\t\t\t\t<\/div>\n\t\t\t\t<\/div>\n\t\t<div class=\"elementor-element elementor-element-4f44722 e-con-full e-flex e-con e-child\" data-id=\"4f44722\" data-element_type=\"container\">\n\t\t\t\t<div class=\"elementor-element elementor-element-1391b9b elementor-widget elementor-widget-text-editor\" data-id=\"1391b9b\" data-element_type=\"widget\" data-widget_type=\"text-editor.default\">\n\t\t\t\t\t\t\t\t\t<p><strong>2015: Expansi\u00f3n a Villa Alemana<br \/><br \/><\/strong>Dos a\u00f1os despu\u00e9s, en 2015, dimos un nuevo paso al abrir nuestro segundo local en la ciudad de <strong>Villa Alemana, ubicado en Huanhuali 1331 interior del supermercado Acuenta<\/strong>. Esta expansi\u00f3n nos permiti\u00f3 llevar nuestro modelo de atenci\u00f3n a otra comunidad, manteniendo siempre el <strong>sello Bellfarma<\/strong>: cercan\u00eda, orientaci\u00f3n y precios justos.<\/p>\t\t\t\t\t\t\t\t<\/div>\n\t\t\t\t<\/div>\n\t\t\t\t\t<\/div>\n\t\t\t\t<\/div>\n\t\t\t\t<section class=\"elementor-section elementor-top-section elementor-element elementor-element-e7b39d8 elementor-section-boxed elementor-section-height-default elementor-section-height-default\" data-id=\"e7b39d8\" data-element_type=\"section\">\n\t\t\t\t\t\t<div class=\"elementor-container elementor-column-gap-default\">\n\t\t\t\t\t<div class=\"elementor-column elementor-col-100 elementor-top-column elementor-element elementor-element-d11ebc6\" data-id=\"d11ebc6\" data-element_type=\"column\">\n\t\t\t<div class=\"elementor-widget-wrap elementor-element-populated\">\n\t\t\t\t\t\t<div class=\"elementor-element elementor-element-36dfb06 elementor-widget elementor-widget-image\" data-id=\"36dfb06\" data-element_type=\"widget\" data-widget_type=\"image.default\">\n\t\t\t\t\t\t\t\t\t\t\t\t\t\t\t<img fetchpriority=\"high\" decoding=\"async\" width=\"1200\" height=\"400\" src=\"https:\/\/www.bellfarma.cl\/wp-content\/uploads\/2025\/08\/banner-bellfarma.jpg\" class=\"attachment-full size-full wp-image-2567\" alt=\"\" \/>\t\t\t\t\t\t\t\t\t\t\t\t\t\t\t<\/div>\n\t\t\t\t\t<\/div>\n\t\t<\/div>\n\t\t\t\t\t<\/div>\n\t\t<\/section>\n\t\t\t\t<section class=\"elementor-section elementor-top-section elementor-element elementor-element-d87df03 elementor-section-boxed elementor-section-height-default elementor-section-height-default\" data-id=\"d87df03\" data-element_type=\"section\">\n\t\t\t\t\t\t<div class=\"elementor-container elementor-column-gap-default\">\n\t\t\t\t\t<div class=\"elementor-column elementor-col-100 elementor-top-column elementor-element elementor-element-707750b\" data-id=\"707750b\" data-element_type=\"column\">\n\t\t\t<div class=\"elementor-widget-wrap elementor-element-populated\">\n\t\t\t\t\t\t<div class=\"elementor-element elementor-element-dafa76e elementor-widget elementor-widget-heading\" data-id=\"dafa76e\" data-element_type=\"widget\" data-widget_type=\"heading.default\">\n\t\t\t\t\t<h2 class=\"elementor-heading-title elementor-size-default\">\u00bfTienes consultas o dudas sobre nuestros productos ?\n<\/h2>\t\t\t\t<\/div>\n\t\t\t\t<div class=\"elementor-element elementor-element-337975b underline elementor-widget elementor-widget-heading\" data-id=\"337975b\" data-element_type=\"widget\" data-widget_type=\"heading.default\">\n\t\t\t\t\t<h2 class=\"elementor-heading-title elementor-size-default\"><a href=\"#\">Escr\u00edbenos aqui ...<\/a><\/h2>\t\t\t\t<\/div>\n\t\t\t\t\t<\/div>\n\t\t<\/div>\n\t\t\t\t\t<\/div>\n\t\t<\/section>\n\t\t\t\t<\/div>\n\t\t","protected":false},"excerpt":{"rendered":"<p>Farmacias Bellfarma \/ Muestra Misi\u00f3n En Farmacias Bellfarma, nuestra misi\u00f3n es brindar acceso cercano y confiable a productos farmac\u00e9uticos, naturales y de cuidado personal, con precios justos y atenci\u00f3n personalizada. 2013: El primer paso en San FelipeEn el a\u00f1o 2013 abrimos nuestro primer local en San Felipe, ubicado en avenida Maipu 1121, interior del supermercado &hellip; <a href=\"https:\/\/www.bellfarma.cl\/index.php\/nuestra-mision\/\" class=\"more-link\">Continue reading <span class=\"screen-reader-text\">Nuestra Misi\u00f3n<\/span><\/a><\/p>\n","protected":false},"author":1,"featured_media":0,"parent":0,"menu_order":0,"comment_status":"closed","ping_status":"closed","template":"","meta":{"footnotes":""},"class_list":["post-2608","page","type-page","status-publish","hentry"],"_links":{"self":[{"href":"https:\/\/www.bellfarma.cl\/index.php\/wp-json\/wp\/v2\/pages\/2608","targetHints":{"allow":["GET"]}}],"collection":[{"href":"https:\/\/www.bellfarma.cl\/index.php\/wp-json\/wp\/v2\/pages"}],"about":[{"href":"https:\/\/www.bellfarma.cl\/index.php\/wp-json\/wp\/v2\/types\/page"}],"author":[{"embeddable":true,"href":"https:\/\/www.bellfarma.cl\/index.php\/wp-json\/wp\/v2\/users\/1"}],"replies":[{"embeddable":true,"href":"https:\/\/www.bellfarma.cl\/index.php\/wp-json\/wp\/v2\/comments?post=2608"}],"version-history":[{"count":13,"href":"https:\/\/www.bellfarma.cl\/index.php\/wp-json\/wp\/v2\/pages\/2608\/revisions"}],"predecessor-version":[{"id":2626,"href":"https:\/\/www.bellfarma.cl\/index.php\/wp-json\/wp\/v2\/pages\/2608\/revisions\/2626"}],"wp:attachment":[{"href":"https:\/\/www.bellfarma.cl\/index.php\/wp-json\/wp\/v2\/media?parent=2608"}],"curies":[{"name":"wp","href":"https:\/\/api.w.org\/{rel}","templated":true}]}}