{"id":2556,"date":"2025-08-19T15:28:31","date_gmt":"2025-08-19T15:28:31","guid":{"rendered":"https:\/\/www.bellfarma.cl\/?page_id=2556"},"modified":"2025-08-19T17:01:44","modified_gmt":"2025-08-19T17:01:44","slug":"nuestra-historia","status":"publish","type":"page","link":"https:\/\/www.bellfarma.cl\/index.php\/nuestra-historia\/","title":{"rendered":"Nuestra Historia"},"content":{"rendered":"\t\t<div data-elementor-type=\"wp-page\" data-elementor-id=\"2556\" class=\"elementor elementor-2556\">\n\t\t\t\t\t\t<section class=\"elementor-section elementor-top-section elementor-element elementor-element-beead5c elementor-section-boxed elementor-section-height-default elementor-section-height-default\" data-id=\"beead5c\" data-element_type=\"section\">\n\t\t\t\t\t\t<div class=\"elementor-container elementor-column-gap-default\">\n\t\t\t\t\t<div class=\"elementor-column elementor-col-33 elementor-top-column elementor-element elementor-element-b971924\" data-id=\"b971924\" data-element_type=\"column\">\n\t\t\t<div class=\"elementor-widget-wrap\">\n\t\t\t\t\t\t\t<\/div>\n\t\t<\/div>\n\t\t\t\t<div class=\"elementor-column elementor-col-33 elementor-top-column elementor-element elementor-element-bfcee37\" data-id=\"bfcee37\" data-element_type=\"column\">\n\t\t\t<div class=\"elementor-widget-wrap elementor-element-populated\">\n\t\t\t\t\t\t<div class=\"elementor-element elementor-element-ce9accc elementor-widget elementor-widget-heading\" data-id=\"ce9accc\" data-element_type=\"widget\" data-widget_type=\"heading.default\">\n\t\t\t\t\t<h2 class=\"elementor-heading-title elementor-size-default\">Historia de Farmacias Bellfarma<\/h2>\t\t\t\t<\/div>\n\t\t\t\t<div class=\"elementor-element elementor-element-0077f5d elementor-widget elementor-widget-text-editor\" data-id=\"0077f5d\" data-element_type=\"widget\" data-widget_type=\"text-editor.default\">\n\t\t\t\t\t\t\t\t\t<strong>Farmacias Bellfarma<\/strong> nace en el coraz\u00f3n de <strong>San Felipe, Regi\u00f3n de Valpara\u00edso<\/strong>, como una respuesta cercana y comprometida con las necesidades de salud y bienestar de la comunidad. <br><br>Desde nuestros inicios, hemos mantenido el firme el prop\u00f3sito de ser una farmacia de barrio, accesible, confiable y orientada al servicio.\t\t\t\t\t\t\t\t<\/div>\n\t\t\t\t\t<\/div>\n\t\t<\/div>\n\t\t\t\t<div class=\"elementor-column elementor-col-33 elementor-top-column elementor-element elementor-element-777dd6e\" data-id=\"777dd6e\" data-element_type=\"column\">\n\t\t\t<div class=\"elementor-widget-wrap\">\n\t\t\t\t\t\t\t<\/div>\n\t\t<\/div>\n\t\t\t\t\t<\/div>\n\t\t<\/section>\n\t\t\t\t<section class=\"elementor-section elementor-top-section elementor-element elementor-element-e7b39d8 elementor-section-boxed elementor-section-height-default elementor-section-height-default\" data-id=\"e7b39d8\" data-element_type=\"section\">\n\t\t\t\t\t\t<div class=\"elementor-container elementor-column-gap-default\">\n\t\t\t\t\t<div class=\"elementor-column elementor-col-100 elementor-top-column elementor-element elementor-element-d11ebc6\" data-id=\"d11ebc6\" data-element_type=\"column\">\n\t\t\t<div class=\"elementor-widget-wrap elementor-element-populated\">\n\t\t\t\t\t\t<div class=\"elementor-element elementor-element-36dfb06 elementor-widget elementor-widget-image\" data-id=\"36dfb06\" data-element_type=\"widget\" data-widget_type=\"image.default\">\n\t\t\t\t\t\t\t\t\t\t\t\t\t\t\t<img fetchpriority=\"high\" decoding=\"async\" width=\"1200\" height=\"400\" src=\"https:\/\/www.bellfarma.cl\/wp-content\/uploads\/2025\/08\/banner-bellfarma.jpg\" class=\"attachment-full size-full wp-image-2567\" alt=\"\" \/>\t\t\t\t\t\t\t\t\t\t\t\t\t\t\t<\/div>\n\t\t\t\t\t<\/div>\n\t\t<\/div>\n\t\t\t\t\t<\/div>\n\t\t<\/section>\n\t\t<div class=\"elementor-element elementor-element-3f686de e-flex e-con-boxed e-con e-parent\" data-id=\"3f686de\" data-element_type=\"container\">\n\t\t\t\t\t<div class=\"e-con-inner\">\n\t\t\t\t<div class=\"elementor-element elementor-element-8eb6bc9 elementor-widget elementor-widget-spacer\" data-id=\"8eb6bc9\" data-element_type=\"widget\" data-widget_type=\"spacer.default\">\n\t\t\t\t\t\t\t<div class=\"elementor-spacer\">\n\t\t\t<div class=\"elementor-spacer-inner\"><\/div>\n\t\t<\/div>\n\t\t\t\t\t\t<\/div>\n\t\t\t\t\t<\/div>\n\t\t\t\t<\/div>\n\t\t<div class=\"elementor-element elementor-element-0ec2cbf e-flex e-con-boxed e-con e-parent\" data-id=\"0ec2cbf\" data-element_type=\"container\">\n\t\t\t\t\t<div class=\"e-con-inner\">\n\t\t<div class=\"elementor-element elementor-element-14f7d5a e-con-full e-flex e-con e-child\" data-id=\"14f7d5a\" data-element_type=\"container\">\n\t\t\t\t<div class=\"elementor-element elementor-element-71e5c7f elementor-widget elementor-widget-text-editor\" data-id=\"71e5c7f\" data-element_type=\"widget\" data-widget_type=\"text-editor.default\">\n\t\t\t\t\t\t\t\t\t<p><strong>2013: El primer paso en San Felipe<br \/><\/strong><br \/>En el a\u00f1o 2013 abrimos nuestro primer <strong>local en San Felipe, ubicado en avenida Maipu 1121<\/strong>, interior del supermercado Acuenta de la ciudad, con una visi\u00f3n clara: ofrecer <strong>medicamentos, productos naturales, art\u00edculos de perfumer\u00eda y otros insumos esenciales a precios convenientes<\/strong>. Desde el primer d\u00eda, nos propusimos escuchar a nuestros clientes, orientar con cercan\u00eda y brindar un servicio que combinara profesionalismo con calidez.<\/p>\t\t\t\t\t\t\t\t<\/div>\n\t\t\t\t<\/div>\n\t\t<div class=\"elementor-element elementor-element-4f44722 e-con-full e-flex e-con e-child\" data-id=\"4f44722\" data-element_type=\"container\">\n\t\t\t\t<div class=\"elementor-element elementor-element-1391b9b elementor-widget elementor-widget-text-editor\" data-id=\"1391b9b\" data-element_type=\"widget\" data-widget_type=\"text-editor.default\">\n\t\t\t\t\t\t\t\t\t<p><strong>2015: Expansi\u00f3n a Villa Alemana<br \/><br \/><\/strong>Dos a\u00f1os despu\u00e9s, en 2015, dimos un nuevo paso al abrir nuestro segundo local en la ciudad de <strong>Villa Alemana, ubicado en Huanhuali 1331 interior del supermercado Acuenta<\/strong>. Esta expansi\u00f3n nos permiti\u00f3 llevar nuestro modelo de atenci\u00f3n a otra comunidad, manteniendo siempre el <strong>sello Bellfarma<\/strong>: cercan\u00eda, orientaci\u00f3n y precios justos.<\/p>\t\t\t\t\t\t\t\t<\/div>\n\t\t\t\t<\/div>\n\t\t\t\t\t<\/div>\n\t\t\t\t<\/div>\n\t\t<div class=\"elementor-element elementor-element-e90a6cb e-flex e-con-boxed e-con e-parent\" data-id=\"e90a6cb\" data-element_type=\"container\">\n\t\t\t\t\t<div class=\"e-con-inner\">\n\t\t<div class=\"elementor-element elementor-element-528a288 e-con-full e-flex e-con e-child\" data-id=\"528a288\" data-element_type=\"container\">\n\t\t\t\t<div class=\"elementor-element elementor-element-f3ca750 elementor-widget elementor-widget-text-editor\" data-id=\"f3ca750\" data-element_type=\"widget\" data-widget_type=\"text-editor.default\">\n\t\t\t\t\t\t\t\t\t<p><strong>Consolidaci\u00f3n en San Felipe<\/strong><\/p><p>Con el tiempo, volvimos a fortalecer nuestra <strong>presencia en San Felipe<\/strong>. Abrimos dos nuevos locales estrat\u00e9gicamente ubicados:<\/p><ul><li><strong>2016:<\/strong> Local 3, Ubicado en calle Combate de las Coimas 1121.<\/li><li><strong>2025:<\/strong> Local 4, Ubicado en calle Traslavi\u00f1a 1181 Local 4 (nuestro m\u00e1s reciente punto de atenci\u00f3n).<\/li><\/ul><p>Estos espacios reflejan nuestro compromiso continuo con la ciudad que nos vio nacer, ampliando nuestra capacidad de atenci\u00f3n y adapt\u00e1ndonos a las necesidades de nuestros vecinos.<\/p>\t\t\t\t\t\t\t\t<\/div>\n\t\t\t\t<\/div>\n\t\t<div class=\"elementor-element elementor-element-e1e72eb e-con-full e-flex e-con e-child\" data-id=\"e1e72eb\" data-element_type=\"container\">\n\t\t\t\t<div class=\"elementor-element elementor-element-b8bf135 elementor-widget elementor-widget-text-editor\" data-id=\"b8bf135\" data-element_type=\"widget\" data-widget_type=\"text-editor.default\">\n\t\t\t\t\t\t\t\t\t<p><strong>Compromiso permanente<\/strong><\/p><p>Hoy, Farmacias Bellfarma sigue creciendo con el mismo esp\u00edritu que nos impuls\u00f3 desde el inicio. Nos esforzamos d\u00eda a d\u00eda por ofrecer el mejor servicio, escuchando activamente a nuestros clientes, orientando con responsabilidad y manteniendo precios accesibles para todos.<\/p>\t\t\t\t\t\t\t\t<\/div>\n\t\t\t\t<\/div>\n\t\t\t\t\t<\/div>\n\t\t\t\t<\/div>\n\t\t\t\t<section class=\"elementor-section elementor-top-section elementor-element elementor-element-d87df03 elementor-section-boxed elementor-section-height-default elementor-section-height-default\" data-id=\"d87df03\" data-element_type=\"section\">\n\t\t\t\t\t\t<div class=\"elementor-container elementor-column-gap-default\">\n\t\t\t\t\t<div class=\"elementor-column elementor-col-100 elementor-top-column elementor-element elementor-element-707750b\" data-id=\"707750b\" data-element_type=\"column\">\n\t\t\t<div class=\"elementor-widget-wrap elementor-element-populated\">\n\t\t\t\t\t\t<div class=\"elementor-element elementor-element-dafa76e elementor-widget elementor-widget-heading\" data-id=\"dafa76e\" data-element_type=\"widget\" data-widget_type=\"heading.default\">\n\t\t\t\t\t<h2 class=\"elementor-heading-title elementor-size-default\">\u00bfTienes consultas o dudas sobre nuestros productos ?\n<\/h2>\t\t\t\t<\/div>\n\t\t\t\t<div class=\"elementor-element elementor-element-337975b underline elementor-widget elementor-widget-heading\" data-id=\"337975b\" data-element_type=\"widget\" data-widget_type=\"heading.default\">\n\t\t\t\t\t<h2 class=\"elementor-heading-title elementor-size-default\"><a href=\"#\">Escr\u00edbenos aqui ...<\/a><\/h2>\t\t\t\t<\/div>\n\t\t\t\t\t<\/div>\n\t\t<\/div>\n\t\t\t\t\t<\/div>\n\t\t<\/section>\n\t\t\t\t<\/div>\n\t\t","protected":false},"excerpt":{"rendered":"<p>Historia de Farmacias Bellfarma Farmacias Bellfarma nace en el coraz\u00f3n de San Felipe, Regi\u00f3n de Valpara\u00edso, como una respuesta cercana y comprometida con las necesidades de salud y bienestar de la comunidad. Desde nuestros inicios, hemos mantenido el firme el prop\u00f3sito de ser una farmacia de barrio, accesible, confiable y orientada al servicio. 2013: El &hellip; <a href=\"https:\/\/www.bellfarma.cl\/index.php\/nuestra-historia\/\" class=\"more-link\">Continue reading <span class=\"screen-reader-text\">Nuestra Historia<\/span><\/a><\/p>\n","protected":false},"author":1,"featured_media":0,"parent":0,"menu_order":0,"comment_status":"closed","ping_status":"closed","template":"","meta":{"footnotes":""},"class_list":["post-2556","page","type-page","status-publish","hentry"],"_links":{"self":[{"href":"https:\/\/www.bellfarma.cl\/index.php\/wp-json\/wp\/v2\/pages\/2556","targetHints":{"allow":["GET"]}}],"collection":[{"href":"https:\/\/www.bellfarma.cl\/index.php\/wp-json\/wp\/v2\/pages"}],"about":[{"href":"https:\/\/www.bellfarma.cl\/index.php\/wp-json\/wp\/v2\/types\/page"}],"author":[{"embeddable":true,"href":"https:\/\/www.bellfarma.cl\/index.php\/wp-json\/wp\/v2\/users\/1"}],"replies":[{"embeddable":true,"href":"https:\/\/www.bellfarma.cl\/index.php\/wp-json\/wp\/v2\/comments?post=2556"}],"version-history":[{"count":52,"href":"https:\/\/www.bellfarma.cl\/index.php\/wp-json\/wp\/v2\/pages\/2556\/revisions"}],"predecessor-version":[{"id":2623,"href":"https:\/\/www.bellfarma.cl\/index.php\/wp-json\/wp\/v2\/pages\/2556\/revisions\/2623"}],"wp:attachment":[{"href":"https:\/\/www.bellfarma.cl\/index.php\/wp-json\/wp\/v2\/media?parent=2556"}],"curies":[{"name":"wp","href":"https:\/\/api.w.org\/{rel}","templated":true}]}}